{"id":87,"date":"2019-03-14T15:28:10","date_gmt":"2019-03-14T15:28:10","guid":{"rendered":"http:\/\/actuaratlantico.org\/web\/?page_id=87"},"modified":"2019-03-19T19:16:23","modified_gmt":"2019-03-19T19:16:23","slug":"nuestro-impacto","status":"publish","type":"page","link":"https:\/\/actuaratlantico.org\/web\/nuestro-impacto\/","title":{"rendered":"NUESTRO IMPACTO"},"content":{"rendered":"<p>[et_pb_section fb_built=\u00bb1&#8243; fullwidth=\u00bbon\u00bb _builder_version=\u00bb3.19.15&#8243; background_color=\u00bb#007534&#8243; custom_padding=\u00bb0px|0px|0|0px|false|false\u00bb][et_pb_fullwidth_image src=\u00bbhttp:\/\/actuaratlantico.org\/web\/wp-content\/uploads\/2019\/03\/proyectos-actuar-famiempresas-1440px-e1552672748755.jpg\u00bb _builder_version=\u00bb3.19.15&#8243; background_color=\u00bb#017a3e\u00bb border_width_bottom=\u00bb15px\u00bb border_color_bottom=\u00bb#017A3E\u00bb custom_margin=\u00bb||\u00bb custom_padding=\u00bb||\u00bb][\/et_pb_fullwidth_image][\/et_pb_section][et_pb_section fb_built=\u00bb1&#8243; _builder_version=\u00bb3.19.15&#8243; background_color=\u00bb#f8f8f8&#8243; custom_padding=\u00bb0|0px|54px|0px|false|false\u00bb][et_pb_row use_custom_width=\u00bbon\u00bb custom_width_px=\u00bb626px\u00bb custom_padding=\u00bb27px|0px|9px|0px|false|false\u00bb _builder_version=\u00bb3.19.15&#8243; module_alignment=\u00bbcenter\u00bb][et_pb_column type=\u00bb4_4&#8243; _builder_version=\u00bb3.19.15&#8243;][et_pb_text _builder_version=\u00bb3.19.15&#8243; text_font=\u00bb||||||||\u00bb header_font=\u00bb||||||||\u00bb]<\/p>\n<h1><span style=\"color: #000080;\"><\/span><\/h1>\n<h1><span style=\"color: #000080;\"><\/span><\/h1>\n<h1><span style=\"color: #000080;\"><\/span><\/h1>\n<h1><span style=\"color: #000080;\"><\/span><\/h1>\n<h1><span style=\"color: #000080;\"><\/span><\/h1>\n<h1><span style=\"color: #000080;\"><\/span><\/h1>\n<h1><span style=\"color: #000080;\"><\/span><\/h1>\n<h1><span style=\"color: #000080;\">NUESTRO IMPACTO <i class=\"fas fa-bullseye\"><\/i><\/h1>\n<p> <\/span><br \/>\n<span style=\"color: #000080;\"><\/span><\/p>\n<p>Tenemos m\u00e1s de veinticinco a\u00f1os operando y a lo largo de este tiempo, hemos desarrollado importantes proyectos de inversi\u00f3n social en el Departamento del Atl\u00e1ntico y la Regi\u00f3n Caribe Colombiana.<\/p>\n<p>Nos destacamos por la \u00f3ptima ejecuci\u00f3n de proyectos con entidades internacionales, nacionales, y locales de sector p\u00fablico y privado. Trabajamos bajo una estrategia integral que involucra capacitaci\u00f3n, asesor\u00eda, cr\u00e9dito y comercializaci\u00f3n.<\/p>\n<p>&nbsp;<\/p>\n<p style=\"text-align: center;\"><span style=\"font-size: large;\"><strong>Para m\u00e1s informaci\u00f3n:<\/strong><\/span><\/p>\n<p>[\/et_pb_text][\/et_pb_column][\/et_pb_row][et_pb_row custom_padding=\u00bb0|0px|27px|0px|false|false\u00bb _builder_version=\u00bb3.19.15&#8243;][et_pb_column type=\u00bb4_4&#8243; _builder_version=\u00bb3.19.15&#8243;][et_pb_button button_url=\u00bb\/web\/informes-de-gestion\/\u00bb button_text=\u00bbDescargar informes de gesti\u00f3n\u00bb button_alignment=\u00bbcenter\u00bb _builder_version=\u00bb3.19.15&#8243; custom_button=\u00bbon\u00bb button_text_size=\u00bb17px\u00bb button_text_color=\u00bb#FFFFFF\u00bb button_bg_color=\u00bb#007534&#8243; button_font=\u00bb||||||||\u00bb][\/et_pb_button][\/et_pb_column][\/et_pb_row][\/et_pb_section][et_pb_section fb_built=\u00bb1&#8243; _builder_version=\u00bb3.19.15&#8243; custom_padding=\u00bb54px|0px|0|0px|false|false\u00bb][et_pb_row use_custom_width=\u00bbon\u00bb width_unit=\u00bboff\u00bb custom_width_percent=\u00bb61%\u00bb _builder_version=\u00bb3.19.15&#8243;][et_pb_column type=\u00bb1_4&#8243; _builder_version=\u00bb3.19.15&#8243;][et_pb_blurb title=\u00bbSalud\u00bb image=\u00bbhttp:\/\/actuaratlantico.org\/web\/wp-content\/uploads\/2019\/03\/icono_salud.png\u00bb image_max_width=\u00bb60%\u00bb _builder_version=\u00bb3.19.15&#8243; header_font=\u00bb|700|||||||\u00bb header_text_color=\u00bb#003366&#8243; body_font=\u00bb||||||||\u00bb text_orientation=\u00bbcenter\u00bb custom_margin=\u00bb||\u00bb custom_padding=\u00bb||\u00bb][\/et_pb_blurb][\/et_pb_column][et_pb_column type=\u00bb1_4&#8243; _builder_version=\u00bb3.19.15&#8243;][et_pb_blurb title=\u00bbEducaci\u00f3n\u00bb image=\u00bbhttp:\/\/actuaratlantico.org\/web\/wp-content\/uploads\/2019\/03\/icono_educacion.png\u00bb image_max_width=\u00bb60%\u00bb _builder_version=\u00bb3.19.15&#8243; header_font=\u00bb|700|||||||\u00bb header_text_color=\u00bb#003366&#8243; body_font=\u00bb||||||||\u00bb text_orientation=\u00bbcenter\u00bb custom_margin=\u00bb||\u00bb custom_padding=\u00bb||\u00bb][\/et_pb_blurb][\/et_pb_column][et_pb_column type=\u00bb1_4&#8243; _builder_version=\u00bb3.19.15&#8243;][et_pb_blurb title=\u00bbVivienda\u00bb image=\u00bbhttp:\/\/actuaratlantico.org\/web\/wp-content\/uploads\/2019\/03\/icono_vivienda.png\u00bb image_max_width=\u00bb60%\u00bb _builder_version=\u00bb3.19.15&#8243; header_font=\u00bb|700|||||||\u00bb header_text_color=\u00bb#003366&#8243; body_font=\u00bb||||||||\u00bb text_orientation=\u00bbcenter\u00bb custom_margin=\u00bb||\u00bb custom_padding=\u00bb||\u00bb][\/et_pb_blurb][\/et_pb_column][et_pb_column type=\u00bb1_4&#8243; _builder_version=\u00bb3.19.15&#8243;][et_pb_blurb title=\u00bbGeneraci\u00f3n de ingresos\u00bb image=\u00bbhttp:\/\/actuaratlantico.org\/web\/wp-content\/uploads\/2019\/03\/icono_ingresos.png\u00bb image_max_width=\u00bb60%\u00bb _builder_version=\u00bb3.19.15&#8243; header_font=\u00bb|700|||||||\u00bb header_text_color=\u00bb#003366&#8243; body_font=\u00bb||||||||\u00bb text_orientation=\u00bbcenter\u00bb custom_margin=\u00bb||\u00bb custom_padding=\u00bb||\u00bb][\/et_pb_blurb][\/et_pb_column][\/et_pb_row][\/et_pb_section][et_pb_section fb_built=\u00bb1&#8243; _builder_version=\u00bb3.19.15&#8243;][et_pb_row custom_padding=\u00bb0|0px|27px|0px|false|false\u00bb _builder_version=\u00bb3.19.15&#8243;][et_pb_column type=\u00bb1_4&#8243; _builder_version=\u00bb3.19.15&#8243;][et_pb_blurb image=\u00bbhttp:\/\/actuaratlantico.org\/web\/wp-content\/uploads\/2019\/03\/adulto-mayor.jpg\u00bb _builder_version=\u00bb3.19.15&#8243; header_font=\u00bb||||||||\u00bb header_line_height=\u00bb6em\u00bb body_font=\u00bb||||||||\u00bb background_color=\u00bb#003366&#8243; text_orientation=\u00bbcenter\u00bb background_layout=\u00bbdark\u00bb]<\/p>\n<h2><\/h2>\n<h2><\/h2>\n<h2>ADULTOS<br \/> MAYORES<\/h2>\n<p>&nbsp;<\/p>\n<p>&nbsp;<\/p>\n<p>[\/et_pb_blurb][et_pb_blurb image=\u00bbdata:image\/svg+xml;base64,PHN2ZyB3aWR0aD0iMTA4MCIgaGVpZ2h0PSI1NDAiIHZpZXdCb3g9IjAgMCAxMDgwIDU0MCIgeG1sbnM9Imh0dHA6Ly93d3cudzMub3JnLzIwMDAvc3ZnIj4KICAgIDxnIGZpbGw9Im5vbmUiIGZpbGwtcnVsZT0iZXZlbm9kZCI+CiAgICAgICAgPHBhdGggZmlsbD0iI0VCRUJFQiIgZD0iTTAgMGgxMDgwdjU0MEgweiIvPgogICAgICAgIDxwYXRoIGQ9Ik00NDUuNjQ5IDU0MGgtOTguOTk1TDE0NC42NDkgMzM3Ljk5NSAwIDQ4Mi42NDR2LTk4Ljk5NWwxMTYuMzY1LTExNi4zNjVjMTUuNjItMTUuNjIgNDAuOTQ3LTE1LjYyIDU2LjU2OCAwTDQ0NS42NSA1NDB6IiBmaWxsLW9wYWNpdHk9Ii4xIiBmaWxsPSIjMDAwIiBmaWxsLXJ1bGU9Im5vbnplcm8iLz4KICAgICAgICA8Y2lyY2xlIGZpbGwtb3BhY2l0eT0iLjA1IiBmaWxsPSIjMDAwIiBjeD0iMzMxIiBjeT0iMTQ4IiByPSI3MCIvPgogICAgICAgIDxwYXRoIGQ9Ik0xMDgwIDM3OXYxMTMuMTM3TDcyOC4xNjIgMTQwLjMgMzI4LjQ2MiA1NDBIMjE1LjMyNEw2OTkuODc4IDU1LjQ0NmMxNS42Mi0xNS42MiA0MC45NDgtMTUuNjIgNTYuNTY4IDBMMTA4MCAzNzl6IiBmaWxsLW9wYWNpdHk9Ii4yIiBmaWxsPSIjMDAwIiBmaWxsLXJ1bGU9Im5vbnplcm8iLz4KICAgIDwvZz4KPC9zdmc+Cg==\u00bb _builder_version=\u00bb3.19.15&#8243; header_font=\u00bb||||||||\u00bb header_line_height=\u00bb6em\u00bb body_font=\u00bb||||||||\u00bb background_color=\u00bb#017A3E\u00bb text_orientation=\u00bbcenter\u00bb background_layout=\u00bbdark\u00bb]<\/p>\n<h2><\/h2>\n<h2><\/h2>\n<h2>TEBSA<br \/>PGS<\/h2>\n<p>&nbsp;<\/p>\n<p>&nbsp;<\/p>\n<p>[\/et_pb_blurb][\/et_pb_column][et_pb_column type=\u00bb1_4&#8243; _builder_version=\u00bb3.19.15&#8243;][et_pb_blurb image=\u00bbhttp:\/\/actuaratlantico.org\/web\/wp-content\/uploads\/2019\/03\/money-2724235_1280.jpg\u00bb _builder_version=\u00bb3.19.15&#8243; header_font=\u00bb||||||||\u00bb header_line_height=\u00bb6em\u00bb body_font=\u00bb||||||||\u00bb background_color=\u00bb#017A3E\u00bb text_orientation=\u00bbcenter\u00bb background_layout=\u00bbdark\u00bb]<\/p>\n<h2><\/h2>\n<h2><\/h2>\n<h2>PROGRAMA<br \/> DE CR\u00c9DITO<\/h2>\n<p>&nbsp;<\/p>\n<p>&nbsp;<\/p>\n<p>[\/et_pb_blurb][et_pb_blurb image=\u00bbhttp:\/\/actuaratlantico.org\/web\/wp-content\/uploads\/2019\/03\/proyecto-caujaral.jpg\u00bb _builder_version=\u00bb3.19.15&#8243; header_font=\u00bb||||||||\u00bb header_line_height=\u00bb6em\u00bb body_font=\u00bb||||||||\u00bb background_color=\u00bb#003366&#8243; text_orientation=\u00bbcenter\u00bb background_layout=\u00bbdark\u00bb]<\/p>\n<h2><\/h2>\n<h2><\/h2>\n<h2>VIDEO<br \/> CAUJARAL<\/h2>\n<p>&nbsp;<\/p>\n<p>&nbsp;<\/p>\n<p>[\/et_pb_blurb][\/et_pb_column][et_pb_column type=\u00bb1_4&#8243; _builder_version=\u00bb3.19.15&#8243;][et_pb_blurb image=\u00bbhttp:\/\/actuaratlantico.org\/web\/wp-content\/uploads\/2019\/03\/agricultura-urbana.jpg\u00bb _builder_version=\u00bb3.19.15&#8243; header_font=\u00bb||||||||\u00bb header_line_height=\u00bb6em\u00bb body_font=\u00bb||||||||\u00bb background_color=\u00bb#003366&#8243; text_orientation=\u00bbcenter\u00bb background_layout=\u00bbdark\u00bb]<\/p>\n<h2><\/h2>\n<h2><\/h2>\n<h2>AGRICULTURA<br \/> URBANA<\/h2>\n<p>&nbsp;<\/p>\n<p>&nbsp;<\/p>\n<p>[\/et_pb_blurb][et_pb_blurb image=\u00bbhttp:\/\/actuaratlantico.org\/web\/wp-content\/uploads\/2019\/03\/credito-actuar.jpg\u00bb _builder_version=\u00bb3.19.15&#8243; header_font=\u00bb||||||||\u00bb header_line_height=\u00bb6em\u00bb body_font=\u00bb||||||||\u00bb background_color=\u00bb#017A3E\u00bb text_orientation=\u00bbcenter\u00bb background_layout=\u00bbdark\u00bb]<\/p>\n<h2><\/h2>\n<h2><\/h2>\n<h2>VIDEO<br \/> CR\u00c9DITO<\/h2>\n<p>&nbsp;<\/p>\n<p>&nbsp;<\/p>\n<p>[\/et_pb_blurb][\/et_pb_column][et_pb_column type=\u00bb1_4&#8243; _builder_version=\u00bb3.19.15&#8243;][et_pb_blurb image=\u00bbhttp:\/\/actuaratlantico.org\/web\/wp-content\/uploads\/2019\/03\/jovenes-emprendedores.jpg\u00bb _builder_version=\u00bb3.19.15&#8243; header_font=\u00bb||||||||\u00bb header_line_height=\u00bb6em\u00bb body_font=\u00bb||||||||\u00bb background_color=\u00bb#017A3E\u00bb text_orientation=\u00bbcenter\u00bb background_layout=\u00bbdark\u00bb]<\/p>\n<h2><\/h2>\n<h2><\/h2>\n<h2>J\u00d3VENES+<br \/> EMPRENDEDORES<\/h2>\n<p>&nbsp;<\/p>\n<p>&nbsp;<\/p>\n<p>[\/et_pb_blurb][et_pb_blurb image=\u00bbhttp:\/\/actuaratlantico.org\/web\/wp-content\/uploads\/2019\/03\/microempresario-estrella.jpg\u00bb _builder_version=\u00bb3.19.15&#8243; header_font=\u00bb||||||||\u00bb header_line_height=\u00bb6em\u00bb body_font=\u00bb||||||||\u00bb background_color=\u00bb#003366&#8243; text_orientation=\u00bbcenter\u00bb background_layout=\u00bbdark\u00bb]<\/p>\n<h2><\/h2>\n<h2><\/h2>\n<h2>MICRO<br \/> EMPRESARIO<br \/> ESTRELLA<\/h2>\n<p>&nbsp;<\/p>\n<p>[\/et_pb_blurb][\/et_pb_column][\/et_pb_row][\/et_pb_section]<\/p>\n","protected":false},"excerpt":{"rendered":"<p>NUESTRO IMPACTO Tenemos m\u00e1s de veinticinco a\u00f1os operando y a lo largo de este tiempo, hemos desarrollado importantes proyectos de inversi\u00f3n social en el Departamento del Atl\u00e1ntico y la Regi\u00f3n Caribe Colombiana. Nos destacamos por la \u00f3ptima ejecuci\u00f3n de proyectos con entidades internacionales, nacionales, y locales de sector p\u00fablico y privado. Trabajamos bajo una estrategia [&hellip;]<\/p>\n","protected":false},"author":1,"featured_media":0,"parent":0,"menu_order":0,"comment_status":"closed","ping_status":"closed","template":"","meta":{"_et_pb_use_builder":"on","_et_pb_old_content":"","_et_gb_content_width":"","footnotes":""},"class_list":["post-87","page","type-page","status-publish","hentry"],"_links":{"self":[{"href":"https:\/\/actuaratlantico.org\/web\/wp-json\/wp\/v2\/pages\/87","targetHints":{"allow":["GET"]}}],"collection":[{"href":"https:\/\/actuaratlantico.org\/web\/wp-json\/wp\/v2\/pages"}],"about":[{"href":"https:\/\/actuaratlantico.org\/web\/wp-json\/wp\/v2\/types\/page"}],"author":[{"embeddable":true,"href":"https:\/\/actuaratlantico.org\/web\/wp-json\/wp\/v2\/users\/1"}],"replies":[{"embeddable":true,"href":"https:\/\/actuaratlantico.org\/web\/wp-json\/wp\/v2\/comments?post=87"}],"version-history":[{"count":13,"href":"https:\/\/actuaratlantico.org\/web\/wp-json\/wp\/v2\/pages\/87\/revisions"}],"predecessor-version":[{"id":310,"href":"https:\/\/actuaratlantico.org\/web\/wp-json\/wp\/v2\/pages\/87\/revisions\/310"}],"wp:attachment":[{"href":"https:\/\/actuaratlantico.org\/web\/wp-json\/wp\/v2\/media?parent=87"}],"curies":[{"name":"wp","href":"https:\/\/api.w.org\/{rel}","templated":true}]}}