{"id":85,"date":"2019-03-14T15:27:37","date_gmt":"2019-03-14T15:27:37","guid":{"rendered":"http:\/\/actuaratlantico.org\/web\/?page_id=85"},"modified":"2019-03-19T15:58:40","modified_gmt":"2019-03-19T15:58:40","slug":"microcredito","status":"publish","type":"page","link":"https:\/\/actuaratlantico.org\/web\/microcredito\/","title":{"rendered":"MICROCR\u00c9DITO"},"content":{"rendered":"<p>[et_pb_section fb_built=\u00bb1&#8243; fullwidth=\u00bbon\u00bb _builder_version=\u00bb3.19.15&#8243; background_color=\u00bb#007534&#8243; custom_margin=\u00bb||15px\u00bb custom_padding=\u00bb||15px\u00bb][et_pb_fullwidth_slider _builder_version=\u00bb3.19.15&#8243; custom_margin=\u00bb||\u00bb custom_padding=\u00bb350px||\u00bb][et_pb_slide use_text_overlay=\u00bbon\u00bb text_overlay_color=\u00bbrgba(27,37,62,0.82)\u00bb _builder_version=\u00bb3.19.15&#8243; background_image=\u00bbhttp:\/\/actuaratlantico.org\/web\/wp-content\/uploads\/2019\/03\/creditos-actuar-famiempresas-1440px-e1552682537183.jpg\u00bb text_orientation=\u00bbleft\u00bb]<\/p>\n<h3>MICROEMPRESARIOS CON \u00c9XITO<\/h3>\n<p>[\/et_pb_slide][\/et_pb_fullwidth_slider][\/et_pb_section][et_pb_section fb_built=\u00bb1&#8243; _builder_version=\u00bb3.19.15&#8243; custom_padding=\u00bb54px|0px|40px|0px|false|false\u00bb][et_pb_row use_custom_width=\u00bbon\u00bb width_unit=\u00bboff\u00bb custom_width_percent=\u00bb60%\u00bb custom_padding=\u00bb0|0px|27px|0px|false|false\u00bb _builder_version=\u00bb3.19.15&#8243; module_alignment=\u00bbcenter\u00bb][et_pb_column type=\u00bb1_2&#8243; _builder_version=\u00bb3.19.15&#8243;][et_pb_blurb title=\u00bbCR\u00c9DITO INDIVIDUAL\u00bb image=\u00bbhttp:\/\/actuaratlantico.org\/web\/wp-content\/uploads\/2019\/03\/icono_credito-individual.png\u00bb image_max_width=\u00bb80%\u00bb _builder_version=\u00bb3.19.15&#8243; header_font=\u00bb||||||||\u00bb header_text_align=\u00bbcenter\u00bb header_text_color=\u00bb#003366&#8243; max_width=\u00bb70%\u00bb module_alignment=\u00bbcenter\u00bb]<\/p>\n<p style=\"text-align: justify;\">Dirigido a microempresarios que cuenten con garant\u00eda personal y montos que oscilan entre 2 SMLV hasta 25 SMLV. Esta modalidad de cr\u00e9dito incluye siempre un codeudor.<\/p>\n<h4 style=\"text-align: center;\"><strong><\/strong><\/h4>\n<h4 style=\"text-align: center;\"><strong><\/strong><\/h4>\n<h4 style=\"text-align: center;\"><strong>Requisitos<\/strong><\/h4>\n<ul>\n<li style=\"text-align: left;\">Ser mayor de edad.<\/li>\n<li style=\"text-align: left;\">Tener m\u00ednimo un a\u00f1o de funcionamiento el negocio.<\/li>\n<li style=\"text-align: left;\">No aparecer reportado en ninguna central de riesgo como deudor moroso.<\/li>\n<li style=\"text-align: left;\">Fotocopia de la c\u00e9dula de ciudadan\u00eda y de recibo de servicio p\u00fablico.<\/li>\n<li style=\"text-align: left;\">Si el codeudor es asalariado, debe tener ingresos superiores a 2 SMLV y debe anexar carta laboral y dos \u00faltimos desprendibles de pago.<\/li>\n<li style=\"text-align: left;\">Si el codeudor es independiente debe anexar la c\u00e1mara de comercio actualizada.\n<\/li>\n<\/ul>\n<p>[\/et_pb_blurb][et_pb_button button_text=\u00bbDescargar formulario\u00bb button_alignment=\u00bbcenter\u00bb _builder_version=\u00bb3.19.15&#8243; custom_button=\u00bbon\u00bb button_text_size=\u00bb18px\u00bb button_text_color=\u00bb#FFFFFF\u00bb button_bg_color=\u00bb#007534&#8243; button_border_radius=\u00bb10px\u00bb button_font=\u00bb||||||||\u00bb button_icon=\u00bb%%266%%\u00bb button_on_hover=\u00bboff\u00bb][\/et_pb_button][\/et_pb_column][et_pb_column type=\u00bb1_2&#8243; _builder_version=\u00bb3.19.15&#8243;][et_pb_blurb title=\u00bbCR\u00c9DITO SOLIDARIO\u00bb image=\u00bbhttp:\/\/actuaratlantico.org\/web\/wp-content\/uploads\/2019\/03\/icono_credito-solidario.png\u00bb image_max_width=\u00bb80%\u00bb _builder_version=\u00bb3.19.15&#8243; header_font=\u00bb||||||||\u00bb header_text_align=\u00bbcenter\u00bb header_text_color=\u00bb#003366&#8243; max_width=\u00bb70%\u00bb module_alignment=\u00bbcenter\u00bb]<\/p>\n<p style=\"text-align: justify;\">Modalidad de cr\u00e9dito que basa en la garant\u00eda solidaria y se fundamenta en la confianza de sus integrantes. Sus montos oscilan entre \u00bd SMLV hasta 8 SMLV.<\/p>\n<h4 style=\"text-align: center;\"><strong><\/strong><\/h4>\n<h4 style=\"text-align: center;\"><strong><\/strong><\/h4>\n<h4 style=\"text-align: center;\"><strong>Requisitos<\/strong><\/h4>\n<ul>\n<ul>\n<li style=\"text-align: left;\">Ser mayor de edad.<\/li>\n<li style=\"text-align: left;\">Conformar un grupo de 2 o 3 personas.<\/li>\n<li style=\"text-align: left;\">Tener m\u00ednimo 6 meses de funcionamiento el negocio.<\/li>\n<li style=\"text-align: left;\">No aparecer reportado en ninguna central de riesgo como deudor moroso.<\/li>\n<li style=\"text-align: left;\">Fotocopia de la c\u00e9dula de ciudadan\u00eda y de recibo<br \/> de servicio p\u00fablico.<\/li>\n<li style=\"text-align: left;\">No poseer v\u00ednculos familiares ni comerciales.<\/li>\n<li style=\"text-align: left;\">Vivir relativamente cerca, no en la misma casa.<\/li>\n<\/ul>\n<\/ul>\n<p>[\/et_pb_blurb][et_pb_button button_text=\u00bbDescargar formulario\u00bb button_alignment=\u00bbcenter\u00bb _builder_version=\u00bb3.19.15&#8243; custom_button=\u00bbon\u00bb button_text_size=\u00bb18px\u00bb button_text_color=\u00bb#FFFFFF\u00bb button_bg_color=\u00bb#007534&#8243; button_border_radius=\u00bb10px\u00bb button_font=\u00bb||||||||\u00bb button_icon=\u00bb%%266%%\u00bb button_on_hover=\u00bboff\u00bb][\/et_pb_button][\/et_pb_column][\/et_pb_row][et_pb_row _builder_version=\u00bb3.19.15&#8243;][et_pb_column type=\u00bb4_4&#8243; _builder_version=\u00bb3.19.15&#8243;][et_pb_text _builder_version=\u00bb3.19.15&#8243;]<\/p>\n<h4 style=\"text-align: center;\"><span style=\"text-decoration: underline;\"><span style=\"color: #003366; text-decoration: underline;\">Para m\u00e1s informaci\u00f3n con respecto a cr\u00e9ditos cont\u00e1ctenos a<\/span> <span style=\"color: #007534; text-decoration: underline;\">microcr\u00e9dito@actuaratlantico.org<\/span><\/span><\/h4>\n<p>[\/et_pb_text][\/et_pb_column][\/et_pb_row][\/et_pb_section]<\/p>\n","protected":false},"excerpt":{"rendered":"<p>MICROEMPRESARIOS CON \u00c9XITODirigido a microempresarios que cuenten con garant\u00eda personal y montos que oscilan entre 2 SMLV hasta 25 SMLV. Esta modalidad de cr\u00e9dito incluye siempre un codeudor. Requisitos Ser mayor de edad. Tener m\u00ednimo un a\u00f1o de funcionamiento el negocio. No aparecer reportado en ninguna central de riesgo como deudor moroso. Fotocopia de la [&hellip;]<\/p>\n","protected":false},"author":1,"featured_media":0,"parent":0,"menu_order":0,"comment_status":"closed","ping_status":"closed","template":"","meta":{"_et_pb_use_builder":"on","_et_pb_old_content":"","_et_gb_content_width":"","footnotes":""},"class_list":["post-85","page","type-page","status-publish","hentry"],"_links":{"self":[{"href":"https:\/\/actuaratlantico.org\/web\/wp-json\/wp\/v2\/pages\/85","targetHints":{"allow":["GET"]}}],"collection":[{"href":"https:\/\/actuaratlantico.org\/web\/wp-json\/wp\/v2\/pages"}],"about":[{"href":"https:\/\/actuaratlantico.org\/web\/wp-json\/wp\/v2\/types\/page"}],"author":[{"embeddable":true,"href":"https:\/\/actuaratlantico.org\/web\/wp-json\/wp\/v2\/users\/1"}],"replies":[{"embeddable":true,"href":"https:\/\/actuaratlantico.org\/web\/wp-json\/wp\/v2\/comments?post=85"}],"version-history":[{"count":11,"href":"https:\/\/actuaratlantico.org\/web\/wp-json\/wp\/v2\/pages\/85\/revisions"}],"predecessor-version":[{"id":284,"href":"https:\/\/actuaratlantico.org\/web\/wp-json\/wp\/v2\/pages\/85\/revisions\/284"}],"wp:attachment":[{"href":"https:\/\/actuaratlantico.org\/web\/wp-json\/wp\/v2\/media?parent=85"}],"curies":[{"name":"wp","href":"https:\/\/api.w.org\/{rel}","templated":true}]}}