{"id":82,"date":"2019-03-14T15:26:56","date_gmt":"2019-03-14T15:26:56","guid":{"rendered":"http:\/\/actuaratlantico.org\/web\/?page_id=82"},"modified":"2019-03-19T18:22:27","modified_gmt":"2019-03-19T18:22:27","slug":"desarrollo-empresarial","status":"publish","type":"page","link":"https:\/\/actuaratlantico.org\/web\/desarrollo-empresarial\/","title":{"rendered":"DESARROLLO EMPRESARIAL"},"content":{"rendered":"<p>[et_pb_section fb_built=\u00bb1&#8243; fullwidth=\u00bbon\u00bb _builder_version=\u00bb3.19.15&#8243; background_color=\u00bb#007534&#8243; custom_padding=\u00bb||3px\u00bb][et_pb_fullwidth_slider _builder_version=\u00bb3.19.15&#8243; background_color=\u00bb#007534&#8243; custom_margin=\u00bb||15px\u00bb custom_padding=\u00bb400px||\u00bb][et_pb_slide use_text_overlay=\u00bbon\u00bb text_overlay_color=\u00bbrgba(27,37,62,0.72)\u00bb _builder_version=\u00bb3.19.15&#8243; body_font=\u00bb||||||||\u00bb body_font_size=\u00bb24px\u00bb background_image=\u00bbhttp:\/\/actuaratlantico.org\/web\/wp-content\/uploads\/2019\/03\/estibas-por-la-paz-famiempresas-1440px.jpg\u00bb background_position=\u00bbtop_left\u00bb text_orientation=\u00bbleft\u00bb]<\/p>\n<h3>FORTALECIMIENTO EMPRESARIAL Y COMERCIAL<\/h3>\n<p>[\/et_pb_slide][\/et_pb_fullwidth_slider][\/et_pb_section][et_pb_section fb_built=\u00bb1&#8243; _builder_version=\u00bb3.19.15&#8243; background_color=\u00bb#ffffff\u00bb custom_padding=\u00bb35px|0px|0|0px|false|false\u00bb][et_pb_row use_custom_width=\u00bbon\u00bb width_unit=\u00bboff\u00bb custom_width_percent=\u00bb60%\u00bb custom_padding=\u00bb27px|60px|27px|0|false|false\u00bb module_id=\u00bbdesarrollo-empresarial\u00bb _builder_version=\u00bb3.19.15&#8243;][et_pb_column type=\u00bb4_4&#8243; _builder_version=\u00bb3.19.15&#8243;][et_pb_text _builder_version=\u00bb3.19.15&#8243;]<\/p>\n<p>&nbsp;<\/p>\n<h1><span style=\"color: #003366;\"><span style=\"color: #003366;\">DESARROLLO EMPRESARIAL <i class=\"fas fa-cogs\"><\/i>\u00a0<\/span> <\/span><\/h1>\n<p>&nbsp;<\/p>\n<p>En nuestra \u00e1rea encontrar\u00e1s los servicios no financieros de Actuar. Creamos, desarrollamos y operamos proyectos, planes de gesti\u00f3n social y capacitaciones microempresariales de las que t\u00fa puedes ser participante o nuestro aliado.<\/p>\n<p>&nbsp;<\/p>\n<p>[\/et_pb_text][\/et_pb_column][\/et_pb_row][et_pb_row module_id=\u00bblaboratorio-diseno\u00bb _builder_version=\u00bb3.19.15&#8243;][et_pb_column type=\u00bb4_4&#8243; _builder_version=\u00bb3.19.15&#8243;][et_pb_tabs active_tab_background_color=\u00bb#007534&#8243; inactive_tab_background_color=\u00bb#FFFFFF\u00bb _builder_version=\u00bb3.19.15&#8243; tab_font=\u00bb||||||||\u00bb tab_text_color=\u00bb#FFFFFF\u00bb background_color=\u00bb#f8f8f8&#8243; custom_margin_last_edited=\u00bboff|desktop\u00bb custom_margin__hover=\u00bb||\u00bb][et_pb_tab title=\u00bbLABORATORIO DE DISE\u00d1O\u00bb _builder_version=\u00bb3.19.15&#8243; tab_font=\u00bb||||||||\u00bb tab_font_size=\u00bb24px\u00bb body_font=\u00bb||||||||\u00bb body_font_size=\u00bb14px\u00bb]<\/p>\n<p>El Laboratorio de Dise\u00f1o es el espacio en el que trabajamos junto a ti como microempresario, en asesor\u00edas de dise\u00f1o y comunicaci\u00f3n para fortalecer la identidad, el posicionamiento comercial y el reconocimiento de tu negocio.<\/p>\n<\/p>\n<ul>\n<li>Si est\u00e1s interesado, puedes hacer parte de este laboratorio de dise\u00f1o para mejorar los procesos de innovaci\u00f3n, productivos y comerciales que le daran fuerza a tu empresa.<\/li>\n<li>Te acompa\u00f1amos de manera cercana para que puedas identificar \u00bfqu\u00e9 es lo que necesita mi negocio?. Nos interesa que conozcas las aplicaciones que puedes usar desde la papeler\u00eda b\u00e1sica, publicitaria, hasta aplicaciones de merchandising o desarrollo de los productos de tu empresa.<\/li>\n<\/ul>\n<p>[\/et_pb_tab][\/et_pb_tabs][\/et_pb_column][\/et_pb_row][\/et_pb_section][et_pb_section fb_built=\u00bb1&#8243; _builder_version=\u00bb3.19.15&#8243; custom_padding=\u00bb0|0px|80px|0px|false|false\u00bb][et_pb_row use_custom_width=\u00bbon\u00bb width_unit=\u00bboff\u00bb custom_width_percent=\u00bb60%\u00bb custom_padding=\u00bb27px|60px|27px|0|false|false\u00bb _builder_version=\u00bb3.19.15&#8243;][et_pb_column type=\u00bb4_4&#8243; _builder_version=\u00bb3.19.15&#8243;][et_pb_text module_id=\u00bbnuestros-proyectos\u00bb _builder_version=\u00bb3.19.15&#8243;]<\/p>\n<p>&nbsp;<\/p>\n<h1><span style=\"color: #003366;\"><span style=\"color: #003366;\">NUESTROS PROYECTOS \u00a0<\/span> <\/span><\/h1>\n<p>&nbsp;<\/p>\n<p>\u00a1Juntos crecemos continuamente! Pensamos siempre en mejorar tu calidad de vida y la de las poblaciones<br \/> m\u00e1s vulnerables, a trav\u00e9s de la aplicaci\u00f3n de conocimientos y t\u00e9cnicas que contribuyen al desarrollo<br \/> integral de las comunidades que participan activamente de nuestros proyectos sociales.<\/p>\n<p>[\/et_pb_text][\/et_pb_column][\/et_pb_row][et_pb_row _builder_version=\u00bb3.19.15&#8243;][et_pb_column type=\u00bb4_4&#8243; _builder_version=\u00bb3.19.15&#8243;][et_pb_portfolio posts_number=\u00bb3&#8243; _builder_version=\u00bb3.19.15&#8243; max_width=\u00bb85%\u00bb module_alignment=\u00bbcenter\u00bb][\/et_pb_portfolio][\/et_pb_column][\/et_pb_row][et_pb_row use_custom_width=\u00bbon\u00bb width_unit=\u00bboff\u00bb custom_width_percent=\u00bb60%\u00bb module_id=\u00bbrse-capacitaciones\u00bb _builder_version=\u00bb3.19.15&#8243;][et_pb_column type=\u00bb1_2&#8243; _builder_version=\u00bb3.19.15&#8243;][et_pb_text _builder_version=\u00bb3.19.15&#8243;]<\/p>\n<p>&nbsp;<\/p>\n<h1><span style=\"color: #003366;\"><span style=\"color: #003366;\">RESPONSABILIDAD SOCIAL EMPRESARIAL<br \/><\/span> <\/span><\/h1>\n<p><strong><\/strong><\/p>\n<p><strong>\u00a1Tu empresa tiene un rol social!<\/strong><br \/>Por esto te apoyamos en la creaci\u00f3n y ejecuci\u00f3n de<br \/>proyectos desde el enfoque de Responsabilidad<br \/>Social Empresarial, a fin que tu unidad productiva<br \/>est\u00e9 basada en principios \u00e9ticos y legales frente al<br \/>impacto de sus operaciones.<\/p>\n<p>[\/et_pb_text][\/et_pb_column][et_pb_column type=\u00bb1_2&#8243; _builder_version=\u00bb3.19.15&#8243;][et_pb_text _builder_version=\u00bb3.19.15&#8243;]<\/p>\n<p>&nbsp;<\/p>\n<h1><span style=\"color: #003366;\"><span style=\"color: #003366;\">CAPACITACIONES<br \/><\/span> <\/span><\/h1>\n<p><strong><\/strong><\/p>\n<p><strong><\/strong><\/p>\n<p><strong><\/strong><\/p>\n<p><strong>\u00a1Queremos que generes ingresos econ\u00f3micos!<\/strong><br \/>Te acompa\u00f1amos, formamos y asesoramos para que<br \/>aprendas t\u00e9cnicas y fortalezcas tus destrezas, as\u00ed<br \/>podr\u00e1s tener tu unidad de negocio, asociarte o<br \/>aperturar nuevos mercados con la adquisici\u00f3n de<br \/>innovadores conocimientos.<\/p>\n<p>[\/et_pb_text][\/et_pb_column][\/et_pb_row][\/et_pb_section]<\/p>\n","protected":false},"excerpt":{"rendered":"<p>FORTALECIMIENTO EMPRESARIAL Y COMERCIAL&nbsp; DESARROLLO EMPRESARIAL \u00a0 &nbsp; En nuestra \u00e1rea encontrar\u00e1s los servicios no financieros de Actuar. Creamos, desarrollamos y operamos proyectos, planes de gesti\u00f3n social y capacitaciones microempresariales de las que t\u00fa puedes ser participante o nuestro aliado. &nbsp;El Laboratorio de Dise\u00f1o es el espacio en el que trabajamos junto a ti como [&hellip;]<\/p>\n","protected":false},"author":1,"featured_media":0,"parent":0,"menu_order":0,"comment_status":"closed","ping_status":"closed","template":"","meta":{"_et_pb_use_builder":"on","_et_pb_old_content":"","_et_gb_content_width":"","footnotes":""},"class_list":["post-82","page","type-page","status-publish","hentry"],"_links":{"self":[{"href":"https:\/\/actuaratlantico.org\/web\/wp-json\/wp\/v2\/pages\/82","targetHints":{"allow":["GET"]}}],"collection":[{"href":"https:\/\/actuaratlantico.org\/web\/wp-json\/wp\/v2\/pages"}],"about":[{"href":"https:\/\/actuaratlantico.org\/web\/wp-json\/wp\/v2\/types\/page"}],"author":[{"embeddable":true,"href":"https:\/\/actuaratlantico.org\/web\/wp-json\/wp\/v2\/users\/1"}],"replies":[{"embeddable":true,"href":"https:\/\/actuaratlantico.org\/web\/wp-json\/wp\/v2\/comments?post=82"}],"version-history":[{"count":10,"href":"https:\/\/actuaratlantico.org\/web\/wp-json\/wp\/v2\/pages\/82\/revisions"}],"predecessor-version":[{"id":294,"href":"https:\/\/actuaratlantico.org\/web\/wp-json\/wp\/v2\/pages\/82\/revisions\/294"}],"wp:attachment":[{"href":"https:\/\/actuaratlantico.org\/web\/wp-json\/wp\/v2\/media?parent=82"}],"curies":[{"name":"wp","href":"https:\/\/api.w.org\/{rel}","templated":true}]}}