{"id":77,"date":"2019-03-14T15:27:14","date_gmt":"2019-03-14T15:27:14","guid":{"rendered":"http:\/\/actuaratlantico.org\/web\/?page_id=77"},"modified":"2024-04-12T16:52:25","modified_gmt":"2024-04-12T16:52:25","slug":"quienes-somos","status":"publish","type":"page","link":"https:\/\/actuaratlantico.org\/web\/quienes-somos\/","title":{"rendered":"QUI\u00c9NES SOMOS"},"content":{"rendered":"<p>[et_pb_section fb_built=\u00bb1&#8243; fullwidth=\u00bbon\u00bb _builder_version=\u00bb3.19.15&#8243; background_color=\u00bb#007534&#8243; custom_padding=\u00bb0px|0px|0|0px|false|false\u00bb][et_pb_fullwidth_image src=\u00bbhttp:\/\/actuaratlantico.org\/web\/wp-content\/uploads\/2023\/03\/Informe-gesti\u00f3n-2022_page-0011-scaled.jpg\u00bb _builder_version=\u00bb3.19.15&#8243; background_color=\u00bb#017a3e\u00bb border_width_bottom=\u00bb15px\u00bb border_color_bottom=\u00bb#017A3E\u00bb custom_margin=\u00bb||\u00bb custom_padding=\u00bb||\u00bb][\/et_pb_fullwidth_image][\/et_pb_section][et_pb_section fb_built=\u00bb1&#8243; _builder_version=\u00bb3.19.15&#8243; background_color=\u00bb#f2f2f2&#8243; custom_padding=\u00bb54px|0px|80px|0px|false|false\u00bb][et_pb_row use_custom_width=\u00bbon\u00bb width_unit=\u00bboff\u00bb custom_width_percent=\u00bb60%\u00bb custom_padding=\u00bb27px|60px|27px|0|false|false\u00bb _builder_version=\u00bb3.19.15&#8243;][et_pb_column type=\u00bb4_4&#8243; _builder_version=\u00bb3.19.15&#8243;][et_pb_text _builder_version=\u00bb3.19.15&#8243;]<\/p>\n<h1><span style=\"color: #003366;\"><span style=\"color: #003366;\">MISI\u00d3N<\/span> <i class=\"far fa-check-circle\"><\/i><\/span><\/h1>\n<p>Promover el desarrollo econ\u00f3mico, social y humano de micro y famiempresarios de la Regi\u00f3n Caribe Colombiana, por<br \/>\nmedio de la ejecuci\u00f3n de programas innovadores basados en microcr\u00e9dito y formaci\u00f3n empresarial.<\/p>\n<p>[\/et_pb_text][\/et_pb_column][\/et_pb_row][et_pb_row use_custom_width=\u00bbon\u00bb width_unit=\u00bboff\u00bb custom_width_percent=\u00bb60%\u00bb custom_padding=\u00bb27px|0|27px|60px|false|false\u00bb _builder_version=\u00bb3.19.15&#8243;][et_pb_column type=\u00bb4_4&#8243; _builder_version=\u00bb3.19.15&#8243;][et_pb_text _builder_version=\u00bb3.19.15&#8243;]<\/p>\n<h1 style=\"text-align: right;\"><span style=\"color: #003366;\">VISI\u00d3N <i class=\"far fa-eye\"><\/i><\/span><\/h1>\n<p style=\"text-align: right;\">Actuar Atl\u00e1ntico ser\u00e1 en 2020 la organizaci\u00f3n l\u00edder en promoci\u00f3n de programas de apoyo al micro y famiempresario en la Regi\u00f3n Caribe Colombiana, reconocida como gestora del desarrollo econ\u00f3mico, social y humano. Buscar\u00e1 convertirse en el aliado estrat\u00e9gico y confiable del Estado y de la empresa privada, con un equipo de excelentes profesionales, \u00edntegros, respetuosos, apasionados y comprometidos con el desarrollo de la organizaci\u00f3n y su impacto social en la regi\u00f3n.<\/p>\n<p>[\/et_pb_text][\/et_pb_column][\/et_pb_row][\/et_pb_section][et_pb_section fb_built=\u00bb1&#8243; _builder_version=\u00bb3.19.15&#8243; custom_padding=\u00bb74px|0px|54px|0px|false|false\u00bb][et_pb_row _builder_version=\u00bb3.19.15&#8243;][et_pb_column type=\u00bb4_4&#8243; _builder_version=\u00bb3.19.15&#8243;][et_pb_text _builder_version=\u00bb3.19.15&#8243; text_font=\u00bb||||||||\u00bb text_text_color=\u00bb#003366&#8243;]<\/p>\n<h1 style=\"text-align: center;\"><span style=\"color: #000080;\">VALORES <i class=\"far fa-heart\"><\/i><\/span><\/h1>\n<p>[\/et_pb_text][\/et_pb_column][\/et_pb_row][et_pb_row custom_padding=\u00bb27px|0px|90px|0px|false|false\u00bb _builder_version=\u00bb3.19.15&#8243;][et_pb_column type=\u00bb1_5&#8243; _builder_version=\u00bb3.19.15&#8243;][et_pb_blurb _builder_version=\u00bb3.19.15&#8243; header_font=\u00bb|700|||||||\u00bb header_text_color=\u00bb#003366&#8243; text_orientation=\u00bbcenter\u00bb custom_margin=\u00bb||\u00bb]<\/p>\n<h4><i class=\"fas fa-fire-alt\" style=\"color: #003366; font-size: 80px;\"><\/i><br \/>\n<span style=\"color: #003366;\"><strong><br \/>\nPASI\u00d3N<\/strong><\/span><\/h4>\n<p>[\/et_pb_blurb][\/et_pb_column][et_pb_column type=\u00bb1_5&#8243; _builder_version=\u00bb3.19.15&#8243;][et_pb_blurb _builder_version=\u00bb3.19.15&#8243; header_font=\u00bb|700|||||||\u00bb header_text_color=\u00bb#003366&#8243; text_orientation=\u00bbcenter\u00bb custom_margin=\u00bb||\u00bb]<\/p>\n<h4><i class=\"fas fa-sync\" style=\"color: #003366; font-size: 80px;\"><\/i><br \/>\n<span style=\"color: #003366;\"><strong><br \/>\nCOMPROMISO<\/strong><\/span><\/h4>\n<p>[\/et_pb_blurb][\/et_pb_column][et_pb_column type=\u00bb1_5&#8243; _builder_version=\u00bb3.19.15&#8243;][et_pb_blurb _builder_version=\u00bb3.19.15&#8243; header_font=\u00bb|700|||||||\u00bb header_text_color=\u00bb#003366&#8243; text_orientation=\u00bbcenter\u00bb custom_margin=\u00bb||\u00bb]<\/p>\n<h4><i class=\"fas fa-check-circle\" style=\"color: #003366; font-size: 80px;\"><\/i><br \/>\n<span style=\"color: #003366;\"><strong><br \/>\nEXCELENCIA<\/strong><\/span><\/h4>\n<p>[\/et_pb_blurb][\/et_pb_column][et_pb_column type=\u00bb1_5&#8243; _builder_version=\u00bb3.19.15&#8243;][et_pb_blurb _builder_version=\u00bb3.19.15&#8243; header_font=\u00bb|700|||||||\u00bb header_text_color=\u00bb#003366&#8243; text_orientation=\u00bbcenter\u00bb custom_margin=\u00bb||\u00bb]<\/p>\n<h4><i class=\"fas fa-male\" style=\"color: #003366; font-size: 80px;\"><\/i><br \/>\n<span style=\"color: #003366;\"><strong><br \/>\nINTEGRIDAD<\/strong><\/span><\/h4>\n<p>[\/et_pb_blurb][\/et_pb_column][et_pb_column type=\u00bb1_5&#8243; _builder_version=\u00bb3.19.15&#8243;][et_pb_blurb _builder_version=\u00bb3.19.15&#8243; header_font=\u00bb|700|||||||\u00bb header_text_color=\u00bb#003366&#8243; text_orientation=\u00bbcenter\u00bb custom_margin=\u00bb||\u00bb]<\/p>\n<h4><i class=\"far fa-handshake\" style=\"color: #003366; font-size: 80px;\"><\/i><br \/>\n<span style=\"color: #003366;\"><strong><br \/>\nRESPETO<\/strong><\/span><\/h4>\n<p>[\/et_pb_blurb][\/et_pb_column][\/et_pb_row][et_pb_row _builder_version=\u00bb3.19.15&#8243;][et_pb_column type=\u00bb4_4&#8243; _builder_version=\u00bb3.19.15&#8243;][et_pb_text _builder_version=\u00bb3.19.15&#8243;]<\/p>\n<h1 style=\"text-align: center;\"><span style=\"color: #003366;\">JUNTA DIRECTIVA ACTUAR FAMIEMPRESAS <i class=\"fas fa-globe\"><\/i><\/span><\/h1>\n<p>[\/et_pb_text][\/et_pb_column][\/et_pb_row][et_pb_row custom_padding=\u00bb27px|0px|60px|0px|false|false\u00bb _builder_version=\u00bb3.19.15&#8243; make_equal=\u00bbon\u00bb][et_pb_column type=\u00bb1_4&#8243; _builder_version=\u00bb3.19.15&#8243;][et_pb_text _builder_version=\u00bb3.19.15&#8243;]<\/p>\n<p style=\"text-align: center;\"><strong>Juan Alberto Montoya Aristizabal<\/strong><br \/>\nVICEPRESIDENTE<br \/>\nACESCO<\/p>\n<p>[\/et_pb_text][et_pb_text _builder_version=\u00bb3.19.15&#8243;]<\/p>\n<p style=\"text-align: center;\"><strong>Clementina Holguin Cuellar<\/strong><br \/>\nJEFE TALENTO HUMANO<br \/>\nGASES DEL CARIBE<\/p>\n<p>[\/et_pb_text][et_pb_text _builder_version=\u00bb3.19.15&#8243;]<\/p>\n<p style=\"text-align: center;\"><strong>Diana Santiago Paternina<\/strong><br \/>\nDIRECTORA EJECUTIVA<br \/>\nFUNDACION GASES DEL CARIBE<\/p>\n<p>[\/et_pb_text][\/et_pb_column][et_pb_column type=\u00bb1_4&#8243; _builder_version=\u00bb3.19.15&#8243;][et_pb_text _builder_version=\u00bb3.19.15&#8243;]<\/p>\n<p style=\"text-align: center;\"><strong>Hermelinda Guarin Restrepo<\/strong><br \/>\nDIRECTORA EJECUTIVA<br \/>\nFUNDACION CHILDREN<\/p>\n<p>[\/et_pb_text][et_pb_text _builder_version=\u00bb3.19.15&#8243;]<\/p>\n<p style=\"text-align: center;\"><strong>Eugenia Benavides Buitrago<\/strong><br \/>\nDIRECTORA DE MARINOS<br \/>\nORGANIZACI\u00d3N TERPEL<\/p>\n<p>[\/et_pb_text][et_pb_text _builder_version=\u00bb3.19.15&#8243;]<\/p>\n<p style=\"text-align: center;\"><strong>Roberto Garcia Riascos<\/strong><br \/>\nTRANSELCA<\/p>\n<p>[\/et_pb_text][et_pb_text _builder_version=\u00bb3.19.15&#8243;]<\/p>\n<p style=\"text-align: center;\"><strong>Efrain Cepeda Tarud<\/strong><br \/>\nEMPRESARIO<\/p>\n<p>[\/et_pb_text][\/et_pb_column][et_pb_column type=\u00bb1_4&#8243; _builder_version=\u00bb3.19.15&#8243;][et_pb_text _builder_version=\u00bb3.19.15&#8243;]<\/p>\n<p style=\"text-align: center;\"><strong>Edgardo Sojo Gonzalez<\/strong><br \/>\nEMPRESARIO<\/p>\n<p>[\/et_pb_text][et_pb_text _builder_version=\u00bb3.19.15&#8243;]<\/p>\n<p style=\"text-align: center;\"><strong>Ana Maria Badel Gomez<\/strong><br \/>\nDIRECTORA EJECUTIVA<br \/>\nPROBARRANQUILLA<\/p>\n<p>[\/et_pb_text][et_pb_text _builder_version=\u00bb3.19.15&#8243;]<\/p>\n<p style=\"text-align: center;\"><strong>Guillermo Daw Alvarez<\/strong><br \/>\nGERENTE GENERAL<br \/>\nGRALCO<\/p>\n<p>[\/et_pb_text][et_pb_text _builder_version=\u00bb3.19.15&#8243;]<\/p>\n<p style=\"text-align: center;\"><strong>Julio Martin Gallego<\/strong><br \/>\nEMPRESARIO<\/p>\n<p>[\/et_pb_text][\/et_pb_column][et_pb_column type=\u00bb1_4&#8243; _builder_version=\u00bb3.19.15&#8243;][et_pb_text _builder_version=\u00bb3.19.15&#8243;]<\/p>\n<p style=\"text-align: center;\"><strong>Grethel Moreno Romero<\/strong><br \/>\nVICEPRESIDENTE FINANCIERA<br \/>\nPROCAPS<\/p>\n<p>[\/et_pb_text][et_pb_text _builder_version=\u00bb3.19.15&#8243;]<\/p>\n<p style=\"text-align: center;\"><strong>Luis Miguel Fernandez Zaher<\/strong><br \/>\nTERMOBARRANQUILLA<br \/>\nPRESIDENTE<\/p>\n<p>[\/et_pb_text][et_pb_text _builder_version=\u00bb3.19.15&#8243;]<\/p>\n<p style=\"text-align: center;\"><strong>Andres Rivera Zamora<\/strong><br \/>\nDIRECTOR EJECUTIVO<br \/>\nCORTEVA<\/p>\n<p>[\/et_pb_text][\/et_pb_column][\/et_pb_row][\/et_pb_section]<\/p>\n","protected":false},"excerpt":{"rendered":"<p>MISI\u00d3N Promover el desarrollo econ\u00f3mico, social y humano de micro y famiempresarios de la Regi\u00f3n Caribe Colombiana, por medio de la ejecuci\u00f3n de programas innovadores basados en microcr\u00e9dito y formaci\u00f3n empresarial. VISI\u00d3N Actuar Atl\u00e1ntico ser\u00e1 en 2020 la organizaci\u00f3n l\u00edder en promoci\u00f3n de programas de apoyo al micro y famiempresario en la Regi\u00f3n Caribe Colombiana, [&hellip;]<\/p>\n","protected":false},"author":1,"featured_media":0,"parent":0,"menu_order":0,"comment_status":"closed","ping_status":"closed","template":"","meta":{"_et_pb_use_builder":"on","_et_pb_old_content":"","_et_gb_content_width":"","footnotes":""},"class_list":["post-77","page","type-page","status-publish","hentry"],"_links":{"self":[{"href":"https:\/\/actuaratlantico.org\/web\/wp-json\/wp\/v2\/pages\/77","targetHints":{"allow":["GET"]}}],"collection":[{"href":"https:\/\/actuaratlantico.org\/web\/wp-json\/wp\/v2\/pages"}],"about":[{"href":"https:\/\/actuaratlantico.org\/web\/wp-json\/wp\/v2\/types\/page"}],"author":[{"embeddable":true,"href":"https:\/\/actuaratlantico.org\/web\/wp-json\/wp\/v2\/users\/1"}],"replies":[{"embeddable":true,"href":"https:\/\/actuaratlantico.org\/web\/wp-json\/wp\/v2\/comments?post=77"}],"version-history":[{"count":20,"href":"https:\/\/actuaratlantico.org\/web\/wp-json\/wp\/v2\/pages\/77\/revisions"}],"predecessor-version":[{"id":523,"href":"https:\/\/actuaratlantico.org\/web\/wp-json\/wp\/v2\/pages\/77\/revisions\/523"}],"wp:attachment":[{"href":"https:\/\/actuaratlantico.org\/web\/wp-json\/wp\/v2\/media?parent=77"}],"curies":[{"name":"wp","href":"https:\/\/api.w.org\/{rel}","templated":true}]}}