{"id":74,"date":"2019-03-13T23:13:01","date_gmt":"2019-03-13T23:13:01","guid":{"rendered":"http:\/\/actuaratlantico.org\/web\/?page_id=74"},"modified":"2019-03-20T20:26:52","modified_gmt":"2019-03-20T20:26:52","slug":"inicio","status":"publish","type":"page","link":"https:\/\/actuaratlantico.org\/web\/","title":{"rendered":"INICIO"},"content":{"rendered":"<p>[et_pb_section fb_built=\u00bb1&#8243; fullwidth=\u00bbon\u00bb _builder_version=\u00bb3.19.15&#8243; background_color=\u00bb#007534&#8243; custom_margin=\u00bb||15px\u00bb custom_padding=\u00bb||15px\u00bb][et_pb_fullwidth_slider _builder_version=\u00bb3.19.15&#8243; body_font=\u00bb||||||||\u00bb custom_padding=\u00bb||300px\u00bb][et_pb_slide use_text_overlay=\u00bbon\u00bb text_overlay_color=\u00bbrgba(13,34,63,0.77)\u00bb text_border_radius=\u00bb5px\u00bb _builder_version=\u00bb3.19.15&#8243; body_font=\u00bb||||||||\u00bb body_font_size=\u00bb25px\u00bb body_line_height=\u00bb1em\u00bb background_image=\u00bbhttp:\/\/actuaratlantico.org\/web\/wp-content\/uploads\/2019\/03\/caujaral-actuar-famiempresas-1440px.jpg\u00bb]<\/p>\n<h4 style=\"text-align: left;\">CAPACITACI\u00d3N EN JUZGAMIENTO DE TENIS<\/h4>\n<p>[\/et_pb_slide][\/et_pb_fullwidth_slider][\/et_pb_section][et_pb_section fb_built=\u00bb1&#8243; _builder_version=\u00bb3.19.15&#8243; custom_padding=\u00bb30px|0px|54px|0px|false|false\u00bb][et_pb_row custom_padding=\u00bb50px|71px|78px|0|false|false\u00bb _builder_version=\u00bb3.19.15&#8243;][et_pb_column type=\u00bb3_5&#8243; _builder_version=\u00bb3.19.15&#8243;][et_pb_text _builder_version=\u00bb3.19.15&#8243;]<\/p>\n<h1 style=\"text-align: left;\">COMPROMISO CON EL EMPLEO PRODUCTIVO<\/h1>\n<p style=\"text-align: justify;\">La Corporaci\u00f3n Acci\u00f3n por Atl\u00e1ntico \u201cActuar Famiempresas\u201d, es una instituci\u00f3n privada sin \u00e1nimo de lucro fundada por iniciativa del sector privado del Departamento del Atl\u00e1ntico en 1992 con el prop\u00f3sito de promover peque\u00f1as empresas familiares conocidas como \u201cFamiempresas\u201d. Trabajamos bajo una estrategia integral que involucra capacitaci\u00f3n, asesor\u00eda, microcr\u00e9dito y comercializaci\u00f3n. Los programas ofrecidos favorecen la creaci\u00f3n y el fortalecimiento de microempresas, creando y promoviendo empleos que permiten la generaci\u00f3n de ingresos en las comunidades vulnerables.<\/p>\n<p style=\"text-align: justify;\">La Corporaci\u00f3n Acci\u00f3n por Atl\u00e1ntico, Actuar Famiempresas lleva m\u00e1s de veinticinco a\u00f1os operando y a lo largo de este tiempo ha desarrollado importantes proyectos de inversi\u00f3n social en el Departamento del Atl\u00e1ntico y la Regi\u00f3n Caribe Colombiana. La Corporaci\u00f3n se ha destacado por la \u00f3ptima ejecuci\u00f3n de proyectos con entidades internacionales, nacionales, y locales de sector p\u00fablico y privado.<\/p>\n<p>[\/et_pb_text][\/et_pb_column][et_pb_column type=\u00bb2_5&#8243; _builder_version=\u00bb3.19.15&#8243;][et_pb_cta button_url=\u00bbhttp:\/\/actuaratlantico.org\/web\/microcredito\/\u00bb button_text=\u00bbHaz click Aqu\u00ed\u00bb _builder_version=\u00bb3.19.15&#8243; background_color=\u00bb#1B253E\u00bb custom_button=\u00bbon\u00bb button_text_color=\u00bb#FFFFFF\u00bb button_bg_color=\u00bb#007534&#8243; button_font=\u00bb||||||||\u00bb]<\/p>\n<h2>\u00a1OBTEN TU MICROCR\u00c9DITO YA!<\/h2>\n<p>[\/et_pb_cta][\/et_pb_column][\/et_pb_row][et_pb_row custom_padding=\u00bb27px|0px|19px|0px|false|false\u00bb _builder_version=\u00bb3.19.15&#8243;][et_pb_column type=\u00bb1_4&#8243; _builder_version=\u00bb3.19.15&#8243;][et_pb_blurb title=\u00bbMicrocr\u00e9dito\u00bb image=\u00bbhttp:\/\/actuaratlantico.org\/web\/wp-content\/uploads\/2019\/03\/icono_microcredito.png\u00bb image_max_width=\u00bb60%\u00bb _builder_version=\u00bb3.19.15&#8243; text_orientation=\u00bbcenter\u00bb]<\/p>\n<p style=\"text-align: center;\">Apoyamos tu idea de negocio o<br \/> el fortalecimiento de tu<br \/> famiempresa con cr\u00e9ditos<br \/> acordes a tus necesidades<\/p>\n<p style=\"text-align: center;\">\n<p>[\/et_pb_blurb][et_pb_button button_url=\u00bbhttp:\/\/actuaratlantico.org\/web\/microcredito\/\u00bb button_text=\u00bbVer m\u00e1s\u00bb button_alignment=\u00bbcenter\u00bb _builder_version=\u00bb3.19.15&#8243; custom_button=\u00bbon\u00bb button_text_size=\u00bb14px\u00bb button_text_color=\u00bb#FFFFFF\u00bb button_bg_color=\u00bb#007534&#8243; button_font=\u00bb||||||||\u00bb][\/et_pb_button][\/et_pb_column][et_pb_column type=\u00bb1_4&#8243; _builder_version=\u00bb3.19.15&#8243;][et_pb_blurb title=\u00bbNuestro impacto\u00bb url=\u00bbhttp:\/\/Ver%20m\u00e1s\u00bb image=\u00bbhttp:\/\/actuaratlantico.org\/web\/wp-content\/uploads\/2019\/03\/icono_nuestro-impacto.png\u00bb image_max_width=\u00bb60%\u00bb _builder_version=\u00bb3.19.15&#8243; text_orientation=\u00bbcenter\u00bb]<\/p>\n<p style=\"text-align: center;\">Conoce c\u00f3mo por m\u00e1s de 25<br \/> a\u00f1os hemos promovido<br \/> peque\u00f1as empresas familiares<br \/> conocidas como \u201cFamiempresas\u201d<\/p>\n<p style=\"text-align: center;\">\n<p>[\/et_pb_blurb][et_pb_button button_url=\u00bbhttp:\/\/actuaratlantico.org\/web\/nuestro-impacto\/\u00bb button_text=\u00bbVer m\u00e1s\u00bb button_alignment=\u00bbcenter\u00bb _builder_version=\u00bb3.19.15&#8243; custom_button=\u00bbon\u00bb button_text_size=\u00bb14px\u00bb button_text_color=\u00bb#FFFFFF\u00bb button_bg_color=\u00bb#007534&#8243; button_font=\u00bb||||||||\u00bb][\/et_pb_button][\/et_pb_column][et_pb_column type=\u00bb1_4&#8243; _builder_version=\u00bb3.19.15&#8243;][et_pb_blurb title=\u00bbLaboratorio de dise\u00f1o\u00bb image=\u00bbhttp:\/\/actuaratlantico.org\/web\/wp-content\/uploads\/2019\/03\/icono_lab-diseno.png\u00bb image_max_width=\u00bb60%\u00bb _builder_version=\u00bb3.19.15&#8243; text_orientation=\u00bbcenter\u00bb]<\/p>\n<p>Trabajemos juntos en lo que<br \/> necesita tu negocio para<br \/> posicionarse comercialmente.<\/p>\n<p>&nbsp;<\/p>\n<p>[\/et_pb_blurb][et_pb_button button_url=\u00bbhttp:\/\/actuaratlantico.org\/web\/desarrollo-empresarial\/\u00bb button_text=\u00bbVer m\u00e1s\u00bb button_alignment=\u00bbcenter\u00bb _builder_version=\u00bb3.19.15&#8243; custom_button=\u00bbon\u00bb button_text_size=\u00bb14px\u00bb button_text_color=\u00bb#FFFFFF\u00bb button_bg_color=\u00bb#007534&#8243; button_font=\u00bb||||||||\u00bb][\/et_pb_button][\/et_pb_column][et_pb_column type=\u00bb1_4&#8243; _builder_version=\u00bb3.19.15&#8243;][et_pb_blurb title=\u00bbInformes de gesti\u00f3n\u00bb image=\u00bbhttp:\/\/actuaratlantico.org\/web\/wp-content\/uploads\/2019\/03\/icono_informes-gestion.png\u00bb image_max_width=\u00bb60%\u00bb _builder_version=\u00bb3.19.15&#8243; text_orientation=\u00bbcenter\u00bb]<\/p>\n<p>Durante el presente a\u00f1o contamos<br \/> con el apoyo y la confianza de importantes entidades.\u00a0<\/p>\n<p>&nbsp;<\/p>\n<p>[\/et_pb_blurb][et_pb_button button_url=\u00bb\/web\/informes-de-gestion\/\u00bb button_text=\u00bbVer m\u00e1s\u00bb button_alignment=\u00bbcenter\u00bb _builder_version=\u00bb3.19.15&#8243; custom_button=\u00bbon\u00bb button_text_size=\u00bb14px\u00bb button_text_color=\u00bb#FFFFFF\u00bb button_bg_color=\u00bb#007534&#8243; button_font=\u00bb||||||||\u00bb][\/et_pb_button][\/et_pb_column][\/et_pb_row][\/et_pb_section][et_pb_section fb_built=\u00bb1&#8243; fullwidth=\u00bbon\u00bb _builder_version=\u00bb3.19.15&#8243; custom_padding=\u00bb28px|0px|0px|0px|false|false\u00bb][et_pb_fullwidth_slider _builder_version=\u00bb3.19.15&#8243; header_font=\u00bb||||||||\u00bb][et_pb_slide use_bg_overlay=\u00bboff\u00bb use_text_overlay=\u00bbon\u00bb text_overlay_color=\u00bbrgba(255,255,255,0.94)\u00bb admin_title=\u00bbAgricultura urbana\u00bb _builder_version=\u00bb3.19.15&#8243; header_font=\u00bbLato||||||||\u00bb background_color=\u00bb#ffffff\u00bb background_image=\u00bbhttp:\/\/actuaratlantico.org\/web\/wp-content\/uploads\/2019\/03\/equipment-2047314_1920.jpg\u00bb background_position=\u00bbbottom_right\u00bb background_blend=\u00bbmultiply\u00bb text_orientation=\u00bbleft\u00bb background_layout=\u00bblight\u00bb]<\/p>\n<h1><span style=\"color: #808080;\">AGRICULTURA URBANA<\/span><\/h1>\n<p><strong><span style=\"color: #339966;\">DOW-THE RESOURCE FOUNDATION<\/span><\/strong><\/p>\n<p><span style=\"color: #808080;\">OBJETIVO<\/span><\/p>\n<p style=\"text-align: left;\"><span style=\"color: #808080;\">Fortalecer el modelo de producci\u00f3n de cultivos a nivel de patios caseros como fuente generaci\u00f3n de ingresos y seguridad alimentaria, de tal manera que se contribuya al mejoramiento de la calidad de vida del n\u00facleo familiar y la preservaci\u00f3n del medio ambiente.<\/span><\/p>\n<p>[\/et_pb_slide][\/et_pb_fullwidth_slider][\/et_pb_section]<\/p>\n","protected":false},"excerpt":{"rendered":"<p>CAPACITACI\u00d3N EN JUZGAMIENTO DE TENISCOMPROMISO CON EL EMPLEO PRODUCTIVO La Corporaci\u00f3n Acci\u00f3n por Atl\u00e1ntico \u201cActuar Famiempresas\u201d, es una instituci\u00f3n privada sin \u00e1nimo de lucro fundada por iniciativa del sector privado del Departamento del Atl\u00e1ntico en 1992 con el prop\u00f3sito de promover peque\u00f1as empresas familiares conocidas como \u201cFamiempresas\u201d. Trabajamos bajo una estrategia integral que involucra capacitaci\u00f3n, [&hellip;]<\/p>\n","protected":false},"author":1,"featured_media":0,"parent":0,"menu_order":0,"comment_status":"closed","ping_status":"closed","template":"","meta":{"_et_pb_use_builder":"on","_et_pb_old_content":"","_et_gb_content_width":"","footnotes":""},"class_list":["post-74","page","type-page","status-publish","hentry"],"_links":{"self":[{"href":"https:\/\/actuaratlantico.org\/web\/wp-json\/wp\/v2\/pages\/74","targetHints":{"allow":["GET"]}}],"collection":[{"href":"https:\/\/actuaratlantico.org\/web\/wp-json\/wp\/v2\/pages"}],"about":[{"href":"https:\/\/actuaratlantico.org\/web\/wp-json\/wp\/v2\/types\/page"}],"author":[{"embeddable":true,"href":"https:\/\/actuaratlantico.org\/web\/wp-json\/wp\/v2\/users\/1"}],"replies":[{"embeddable":true,"href":"https:\/\/actuaratlantico.org\/web\/wp-json\/wp\/v2\/comments?post=74"}],"version-history":[{"count":21,"href":"https:\/\/actuaratlantico.org\/web\/wp-json\/wp\/v2\/pages\/74\/revisions"}],"predecessor-version":[{"id":312,"href":"https:\/\/actuaratlantico.org\/web\/wp-json\/wp\/v2\/pages\/74\/revisions\/312"}],"wp:attachment":[{"href":"https:\/\/actuaratlantico.org\/web\/wp-json\/wp\/v2\/media?parent=74"}],"curies":[{"name":"wp","href":"https:\/\/api.w.org\/{rel}","templated":true}]}}